{"id":262,"date":"2025-12-17T16:28:20","date_gmt":"2025-12-17T15:28:20","guid":{"rendered":"https:\/\/abcih.fr\/?page_id=262"},"modified":"2026-03-24T19:05:32","modified_gmt":"2026-03-24T18:05:32","slug":"a-propos-2","status":"publish","type":"page","link":"https:\/\/abcih.fr\/?page_id=262","title":{"rendered":"A propos"},"content":{"rendered":"\n<p class=\"has-kubio-color-6-color has-text-color has-link-color wp-elements-742f3bace41f1f0fd321cebfdd575944\"><\/p>\n\n\n\n<h2 class=\"wp-block-heading has-kubio-color-8-color has-text-color has-link-color wp-elements-11271df1372983a8503d3cb8c09f3274\"><strong>AbcIH Conseils<\/strong><\/h2>\n\n\n\n<p class=\"has-kubio-color-7-color has-text-color has-link-color has-medium-font-size wp-elements-962fae5385cbdc3d8cbefb09e0078d8d\"><strong>Chronique d\u2019un lieu o\u00f9 la parole reprend sa juste place<\/strong><br><\/p>\n\n\n\n<p class=\"has-kubio-color-8-color has-text-color has-link-color has-medium-font-size wp-elements-a53959655d5fc914dd744deb77a160f5\">Il y a un moment pr\u00e9cis, dans la vie d\u2019un dirigeant, o\u00f9 tout continue de fonctionner\u2026 et o\u00f9 pourtant quelque chose se fissure.<br><\/p>\n\n\n\n<p class=\"has-kubio-color-8-color has-text-color has-link-color has-medium-font-size wp-elements-ebee825cfc685fe2319a695f6c9c6155\">La salle est silencieuse, les chiffres sont bons, les visages sont concentr\u00e9s. Les d\u00e9cisions se prennent vite, proprement, sans heurts apparents. Et pourtant, plus personne ne parle vraiment.<br><\/p>\n\n\n\n<p class=\"has-kubio-color-8-color has-text-color has-link-color has-medium-font-size wp-elements-127589e9678b4d290bd0d8b3fb123718\">Ce n\u2019est pas une crise &#8230; C\u2019est plus subtil. Un d\u00e9placement imperceptible de la parole. Ce qui devait \u00eatre dit ne l\u2019est plus, ce qui compte se tait ce qui d\u00e9range s\u2019habille de prudence.<br><\/p>\n\n\n\n<p class=\"has-kubio-color-7-color has-text-color has-link-color has-medium-font-size wp-elements-c548c8cdd734beb038141e9324d2c748\"><strong>C\u2019est souvent l\u00e0 que commence notre travail<\/strong> &#8230;<br><\/p>\n\n\n\n<hr class=\"wp-block-separator has-alpha-channel-opacity\"\/>\n\n\n\n<p class=\"has-kubio-color-8-color has-text-color has-link-color has-medium-font-size wp-elements-7615aaacfde39a7dd8be67a86d3b6db0\"><br><strong>AbcIH Conseils est n\u00e9e de cette observation simple et exigeante :<\/strong><br><br>les organisations ne manquent ni d\u2019intelligence, ni de comp\u00e9tences, mais d\u2019espaces o\u00f9 la parole peut \u00eatre tenue sans se travestir.<br><\/p>\n\n\n\n<p class=\"has-kubio-color-8-color has-text-color has-link-color has-medium-font-size wp-elements-ba697f259253cfa88af06520ad5d64ae\">Nous accompagnons des femmes et des hommes de haut niveau, non pas lorsqu\u2019ils sont perdus, mais lorsqu\u2019ils sont seuls face \u00e0 des d\u00e9cisions qui engagent bien plus que des r\u00e9sultats.<\/p>\n\n\n\n<p class=\"has-kubio-color-8-color has-text-color has-link-color has-medium-font-size wp-elements-7f63f7413da4e21836fc909917f261a7\">Car diriger, \u00e0 ce niveau, n\u2019est pas un r\u00f4le, c\u2019est une exposition permanente. C\u2019est g\u00e9n\u00e9ralement \u00e0 ce moment-l\u00e0 que nous intervenons, pas seulement pour optimiser des r\u00e9sultats, mais pour <strong>renforcer la qualit\u00e9 de la d\u00e9cision<\/strong> dans toute sa dimension humaine.<br><\/p>\n\n\n\n<hr class=\"wp-block-separator has-alpha-channel-opacity\"\/>\n\n\n\n<p class=\"has-kubio-color-8-color has-text-color has-link-color has-medium-font-size wp-elements-e51318881257e1234debd3241b967b78\">Derri\u00e8re <strong>AbcIH Conseils<\/strong>, il n\u2019y a ni improvisation ni posture, il y a une architecture singuli\u00e8re. Notre travail s\u2019appuie sur <strong>deux forces structurantes<\/strong>, qui fondent notre l\u00e9gitimit\u00e9 :<br><\/p>\n\n\n\n<p class=\"has-kubio-color-7-color has-text-color has-link-color has-medium-font-size wp-elements-aa3d9f7c7fce6a212687be31303bbfdc\"><strong>Le cadre rigoureux de AICC Global<\/strong>    et    <strong>la puissance de transformation de 60 000 Rebonds<\/strong>.<br><\/p>\n\n\n\n<p class=\"has-kubio-color-8-color has-text-color has-link-color has-medium-font-size wp-elements-9dacfe1fd2fad09675acd0fee1df76c5\">Ces deux dimensions ne se juxtaposeront jamais par hasard dans notre approche car elles se <strong>compl\u00e8tent<\/strong> avec exigence et coh\u00e9rence.<br><br><br><br><\/p>\n\n\n\n<hr class=\"wp-block-separator has-alpha-channel-opacity\"\/>\n\n\n\n\n\n<p class=\"has-kubio-color-8-color has-text-color has-link-color has-large-font-size wp-elements-a12950e735a2b6714a85ad3f568a8ae0\"><strong>AICC GLOBAL : Le cadre professionnel <\/strong><br><\/p>\n\n\n\n<p class=\"has-kubio-color-8-color has-text-color has-link-color has-medium-font-size wp-elements-f733bd77ebb6ea0428a2e2ae9aec43e3\">Un cadre solide, d\u2019abord, celui d\u2019<strong>AICC Global<\/strong>. Un cadre \u00e9thique, d\u00e9ontologique, confidentiel.<br>Une ossature invisible mais indispensable, qui <strong>garantit<\/strong> que chaque accompagnement respecte la personne, le contexte, l\u2019institution.<br><\/p>\n\n\n\n<p class=\"has-kubio-color-8-color has-text-color has-link-color has-medium-font-size wp-elements-baffab13b4623c9826327b098b295892\">Ici, la parole est libre parce qu\u2019elle est la plus puissante ressource pour l\u2019entreprise. <br>La confiance s\u2019installe parce que le cadre est clair. <\/p>\n\n\n\n<p class=\"has-kubio-color-8-color has-text-color has-link-color has-medium-font-size wp-elements-ccc9129ccfb1c3969aef2d6f52441517\">Rien n\u2019est laiss\u00e9 au hasard, ni \u00e0 l\u2019intuition seule car tout repose sur la qualit\u00e9 de l\u2019\u00e9coute par la relation centr\u00e9e sur la personne, et c\u2019est ce que nous faisons de mieux.<br><\/p>\n\n\n\n<p class=\"has-kubio-color-7-color has-text-color has-link-color has-medium-font-size wp-elements-5acbea1cf7ae8565ae7a740fd87d46f1\">Ce n\u2019est pas un simple cadre : c\u2019est une assurance d\u2019<strong>efficience humaine et strat\u00e9gique<\/strong>, assur\u00e9e par des <strong>coachs certifi\u00e9s et engag\u00e9s<\/strong> dans un code d\u2019\u00e9thique strict.<br><\/p>\n\n\n\n<h5 class=\"wp-block-heading has-text-align-right has-kubio-color-8-color has-text-color has-link-color wp-elements-253596c14cec86f2f00d2031e9b7b574\"><em><strong>Isabelle Heilmann,<br>Vice Pr\u00e9sidente d\u2019AICC GLOBAL<\/strong><\/em><br><a href=\"https:\/\/aicc-global.org\">aicc-global.org<\/a><br><\/h5>\n\n\n\n<p class=\"has-text-align-right has-kubio-color-6-color has-text-color has-link-color wp-elements-d549006ca5a48af014566a147796f7bd\"><br><br><br><br><\/p>\n\n\n\n<hr class=\"wp-block-separator has-alpha-channel-opacity\"\/>\n\n\n\n\n\n<p class=\"has-kubio-color-8-color has-text-color has-link-color has-large-font-size wp-elements-831bfd2c5fd1050245220bc036ebd713\"><br><strong>60 000 Rebonds, cette autre ressource, plus rare, plus silencieuse &#8230;<\/strong><br><\/p>\n\n\n\n<p class=\"has-kubio-color-8-color has-text-color has-link-color has-medium-font-size wp-elements-e575f3d6960fff51bba37b0ba91d5edc\">Un lieu o\u00f9 l\u2019on ne parle plus de r\u00e9ussite, mais de passage.<br>Un lieu o\u00f9 des femmes et des hommes ont vu leur trajectoire se briser,<br>avant de se reconstruire autrement.<br><\/p>\n\n\n\n<p class=\"has-kubio-color-8-color has-text-color has-link-color has-medium-font-size wp-elements-c0e102f1acb9a3bdce5135bb0017dba2\">60 000 Rebonds ne r\u00e9pare pas des \u00e9checs, elle r\u00e9invente une forme de leadership n\u00e9e de l\u2019\u00e9preuve, elle transforme des parcours \u00e9prouv\u00e9s, caboss\u00e9s en <strong>capital humain d\u2019exception<\/strong>.<br><\/p>\n\n\n\n<p class=\"has-kubio-color-8-color has-text-color has-link-color has-medium-font-size wp-elements-860e6a8325a9e5251010bf170a132982\">Ce qui s\u2019y forge n\u2019est pas visible sur un CV.<br>C\u2019est une <strong>qualit\u00e9 de pr\u00e9sence<\/strong>, une lucidit\u00e9 sans arrogance, un <strong>leadership humain<\/strong> d\u00e9barrass\u00e9 de l\u2019illusion de ma\u00eetrise totale et cela produit des leaders qui ne fuient plus la r\u00e9alit\u00e9 complexe,<br>mais l\u2019assument avec clart\u00e9, pr\u00e9sence et responsabilit\u00e9.<br><\/p>\n\n\n\n<p class=\"has-kubio-color-7-color has-text-color has-link-color has-medium-font-size wp-elements-1e59d575397a680c85548aafe507e268\">Cette exp\u00e9rience <strong>irrigue profond\u00e9ment AbcIH Conseils<\/strong>. <br><br>Elle nous rappelle ce que co\u00fbte r\u00e9ellement le silence, et ce que peut produire une parole retrouv\u00e9e.<br><\/p>\n\n\n\n<h5 class=\"wp-block-heading has-text-align-right has-kubio-color-8-color has-text-color has-link-color wp-elements-adb51f9d47f364bf60e5f53b6393c36d\"><strong><em>Isabelle Heilmann<br>Responsable Antenne<br>Cr\u00e9teil Paris Est<\/em><\/strong><br><a href=\"https:\/\/60000rebonds.com\/\">60000_REBONDS<\/a><br><br><\/h5>\n\n\n\n<p><\/p>\n\n\n\n<p><\/p>\n\n\n\n<hr class=\"wp-block-separator has-alpha-channel-opacity\"\/>\n\n\n\n\n\n<p class=\"has-kubio-color-7-color has-text-color has-link-color has-medium-font-size wp-elements-66afe50bc42cace0cdacd5cee106ba88\"><strong>L\u00e0 o\u00f9 ces forces se rencontrent<\/strong><br><\/p>\n\n\n\n<p class=\"has-kubio-color-8-color has-text-color has-link-color has-medium-font-size wp-elements-a80ebede7363a070a43a51680e78d43b\"><strong>AbcIH Conseils<\/strong> se tient \u00e0 la jonction de ces deux mondes. La rigueur du cadre et la v\u00e9rit\u00e9 de l\u2019exp\u00e9rience humaine.<\/p>\n\n\n\n<p class=\"has-kubio-color-8-color has-text-color has-link-color has-medium-font-size wp-elements-11e860533f4ffe35e1d4aff934fb25c3\">Nous intervenons l\u00e0 o\u00f9 la parole devient strat\u00e9gique, l\u00e0 o\u00f9 une d\u00e9cision mal pos\u00e9e peut fracturer durablement une organisation, l\u00e0 o\u00f9 un non-dit co\u00fbte plus cher qu\u2019un conflit assum\u00e9.<\/p>\n\n\n\n<p class=\"has-kubio-color-8-color has-text-color has-link-color has-medium-font-size wp-elements-e5f55cd6088a770ec4fc0812eb2b5a35\"><strong>Notre travail est discret, souvent invisible, mais ses effets sont durables car nous r\u00e9introduisons du sens l\u00e0 o\u00f9 seul le r\u00e9sultat comptait.<\/strong><br><\/p>\n\n\n\n<hr class=\"wp-block-separator has-alpha-channel-opacity\"\/>\n\n\n\n<p class=\"has-kubio-color-7-color has-text-color has-link-color has-medium-font-size wp-elements-b380a3c3e27610fe30fc842bfb232714\"><strong>Une relation durable et exigeante<\/strong><br><\/p>\n\n\n\n<p class=\"has-kubio-color-8-color has-text-color has-link-color has-medium-font-size wp-elements-a6ebb3c091f8281a777cc15a48aa69e8\">Nous ne promettons pas des transformations spectaculaires.<br>Nous offrons un espace rare qui permet de construire des trajectoires solides.<br>Un lieu o\u00f9 il est possible de penser \u00e0 voix haute, de dire ce qui ne peut \u00eatre dit ailleurs, de d\u00e9cider sans se couper de soi.<br><\/p>\n\n\n\n<p class=\"has-kubio-color-8-color has-text-color has-link-color has-medium-font-size wp-elements-139efe36bf9d073b9017ff498599732d\">L\u2019\u00e9thique n\u2019est pas un simple discours, c\u2019est une mani\u00e8re de faire.<br>Le cadre n\u2019est pas une contrainte, c\u2019est une protection.<br><\/p>\n\n\n\n<p class=\"has-kubio-color-8-color has-text-color has-link-color has-medium-font-size wp-elements-982f41e8408a4afc04419e6854d7f9d8\">Et l\u2019humain n\u2019est jamais un suppl\u00e9ment, il est le c\u0153ur m\u00eame de la d\u00e9cision.<br><\/p>\n\n\n\n<hr class=\"wp-block-separator has-alpha-channel-opacity\"\/>\n\n\n\n<p class=\"has-kubio-color-8-color has-text-color has-link-color has-medium-font-size wp-elements-1d8180613b5c9953c7beaf5b822d56bc\"><strong>AbcIH Conseils <\/strong>ne s\u2019adresse pas \u00e0 tous. Seulement \u00e0 celles et ceux qui savent que le v\u00e9ritable leadership ne se joue pas dans le bruit des m\u00e9dias et des r\u00e9seaux sociaux, mais dans la qualit\u00e9 du silence, de l\u2019\u00e9coute respectueuse et des mots que l\u2019on choisit enfin d\u2019y d\u00e9poser.<br><br><\/p>\n\n\n\n<h3 class=\"wp-block-heading has-kubio-color-7-color has-text-color has-link-color wp-elements-05738ae1bc6d56ba2ea230a5f9da6673\">\u00ab&nbsp;Chez AbcIH Conseils, l\u2019humain n\u2019est pas un facteur de performance, il en est l\u2019Essence&nbsp;\u00bb<\/h3>\n\n\n\n<hr class=\"wp-block-separator has-alpha-channel-opacity\"\/>\n\n\n\n<blockquote class=\"wp-block-quote is-layout-flow wp-block-quote-is-layout-flow\">\n<p><\/p>\n<\/blockquote>\n\n\n\n<h3 class=\"wp-block-heading has-kubio-color-6-color has-text-color has-link-color wp-elements-bf33e624d39873ec9ef43acfe438fa2e\"><\/h3>\n\n\n\n\n\n<blockquote class=\"wp-block-quote is-layout-flow wp-block-quote-is-layout-flow\">\n<p><\/p>\n<\/blockquote>\n\n\n\n<blockquote class=\"wp-block-quote is-layout-flow wp-block-quote-is-layout-flow\">\n<p><\/p>\n<\/blockquote>\n\n\n\n<hr class=\"wp-block-separator has-alpha-channel-opacity\"\/>\n","protected":false},"excerpt":{"rendered":"<p>AbcIH Conseils Chronique d\u2019un lieu o\u00f9 la parole reprend sa juste place Il y a un moment pr\u00e9cis, dans la vie d\u2019un dirigeant, o\u00f9 tout continue de fonctionner\u2026 et o\u00f9 pourtant quelque chose se fissure. La salle est silencieuse, les chiffres sont bons, les visages sont concentr\u00e9s. Les d\u00e9cisions se prennent vite, proprement, sans heurts [&hellip;]<\/p>\n","protected":false},"author":1,"featured_media":405,"parent":0,"menu_order":0,"comment_status":"closed","ping_status":"closed","template":"","meta":{"saved_in_kubio":true,"om_disable_all_campaigns":false,"_monsterinsights_skip_tracking":false,"_monsterinsights_sitenote_active":false,"_monsterinsights_sitenote_note":"","_monsterinsights_sitenote_category":0,"footnotes":""},"class_list":["post-262","page","type-page","status-publish","has-post-thumbnail","hentry"],"kubio_ai_page_context":{"short_desc":"","purpose":"general"},"_links":{"self":[{"href":"https:\/\/abcih.fr\/index.php?rest_route=\/wp\/v2\/pages\/262","targetHints":{"allow":["GET"]}}],"collection":[{"href":"https:\/\/abcih.fr\/index.php?rest_route=\/wp\/v2\/pages"}],"about":[{"href":"https:\/\/abcih.fr\/index.php?rest_route=\/wp\/v2\/types\/page"}],"author":[{"embeddable":true,"href":"https:\/\/abcih.fr\/index.php?rest_route=\/wp\/v2\/users\/1"}],"replies":[{"embeddable":true,"href":"https:\/\/abcih.fr\/index.php?rest_route=%2Fwp%2Fv2%2Fcomments&post=262"}],"version-history":[{"count":12,"href":"https:\/\/abcih.fr\/index.php?rest_route=\/wp\/v2\/pages\/262\/revisions"}],"predecessor-version":[{"id":657,"href":"https:\/\/abcih.fr\/index.php?rest_route=\/wp\/v2\/pages\/262\/revisions\/657"}],"wp:featuredmedia":[{"embeddable":true,"href":"https:\/\/abcih.fr\/index.php?rest_route=\/wp\/v2\/media\/405"}],"wp:attachment":[{"href":"https:\/\/abcih.fr\/index.php?rest_route=%2Fwp%2Fv2%2Fmedia&parent=262"}],"curies":[{"name":"wp","href":"https:\/\/api.w.org\/{rel}","templated":true}]}}