{"id":62,"date":"2025-05-10T22:13:43","date_gmt":"2025-05-10T20:13:43","guid":{"rendered":"http:\/\/abcih.fr\/?page_id=62"},"modified":"2026-03-24T19:14:48","modified_gmt":"2026-03-24T18:14:48","slug":"a-propos-3","status":"publish","type":"page","link":"https:\/\/abcih.fr\/?page_id=62","title":{"rendered":"infos et contact"},"content":{"rendered":"\n<p><\/p>\n\n\n\n\n\n<p class=\"has-text-align-center has-kubio-color-3-color has-text-color has-link-color has-medium-font-size wp-elements-d05a211dae6b86ea57526a002e877085\"><strong><a href=\"http:\/\/www.linkedin.com\/in\/isabelle-heilmann\" data-type=\"link\" data-id=\"www.linkedin.com\/in\/isabelle-heilmann\">LinkedIn<\/a>   &#8211;  WhatsApp  &#8211;  Teams<\/strong><br><strong>_________________________________________________________________<\/strong><\/p>\n\n\n\n<p class=\"has-text-align-left has-kubio-color-3-color has-text-color has-link-color has-medium-font-size wp-elements-b5cf2fff311c283e93bda865d3698cb3\"><br><strong>Qui sommes nous ? <br><br>AbcIH Conseils transforme les entreprises gr\u00e2ce \u00e0 des solutions centr\u00e9es sur l&rsquo;humain et impact durable<\/strong><\/p>\n\n\n\n<p class=\"has-kubio-color-8-color has-text-color has-link-color wp-elements-167ad858467dc664137e6792960e9fd0\">Fond\u00e9e par Isabelle Heilmann, AbcIH Conseils est une soci\u00e9t\u00e9 de conseil en entreprise pionni\u00e8re qui s&rsquo;engage \u00e0 r\u00e9volutionner la mani\u00e8re dont les entreprises abordent le capital humain, le leadership et la responsabilit\u00e9 sociale. <br><br>Forte d&rsquo;une double d&rsquo;expertise professionnelle dans le domaine de la gestion administrative et financi\u00e8re et dans l&rsquo;approche centr\u00e9e sur l&rsquo;humain, nous sommes sp\u00e9cialis\u00e9s dans le conseil strat\u00e9gique, l&rsquo;Ex\u00e9cutive Coaching HEC, l&rsquo;approche Rog\u00e9rienne, et la formation des petites et moyennes entreprises (Start-Up, TPE &amp; PME). Notre m\u00e9thodologie unique combine des connaissances en neurosciences, l&rsquo;analyse transactionnelle et syst\u00e9mique coupl\u00e9s \u00e0 des principes humanistes forts afin de favoriser une communication authentique et un leadership efficace sur le lieu de travail.<\/p>\n\n\n\n<p class=\"has-kubio-color-3-color has-text-color has-link-color has-medium-font-size wp-elements-ef3114efc693e141d73a713cbd64245b\"><strong>Notre mission et notre vision<\/strong><\/p>\n\n\n\n<p class=\"has-kubio-color-8-color has-text-color has-link-color wp-elements-f37f7fcefd46ddf081faa804b82cbed9\"><strong>Chez AbcIH Conseils, nous relevons un d\u00e9fi crucial : <\/strong><br>Le manque de pratiques authentiques centr\u00e9es sur l&rsquo;humain dans les entreprises modernes. Nous envisageons un monde o\u00f9 les organisations prosp\u00e8rent en donnant la priorit\u00e9 \u00e0 la valeur de leurs employ\u00e9s, en r\u00e9duisant le stress au travail et en am\u00e9liorant \u00e0 la fois la productivit\u00e9 et le bien-\u00eatre des employ\u00e9s. <br><strong>Notre mission<\/strong> est de red\u00e9finir la culture d&rsquo;entreprise en transformant la communication et le leadership en outils de croissance durable et de r\u00e9silience.<\/p>\n\n\n\n<p class=\"has-kubio-color-3-color has-text-color has-link-color has-medium-font-size wp-elements-3a5313c2fc9494915a4157e5a748a6c7\"><strong>Nos services cl\u00e9s<\/strong><\/p>\n\n\n\n<p class=\"has-kubio-color-8-color has-text-color has-link-color wp-elements-6229696becc76f2883202125dbd3398b\">  1. Conseil strat\u00e9gique : audits internes complets et strat\u00e9gies concr\u00e8tes qui aident les entreprises \u00e0 am\u00e9liorer leurs op\u00e9rations, leur leadership et leur conformit\u00e9.<\/p>\n\n\n\n<p class=\"has-kubio-color-8-color has-text-color has-link-color wp-elements-264db5e9fd0424818d78bb3e283884ec\"> 2. Coaching individuel et de groupe : sessions de coaching personnalis\u00e9es pour les dirigeants, les cadres, les managers et les collaborateurs afin de lib\u00e9rer leur potentiel et de r\u00e9soudre les d\u00e9fis cl\u00e9s.<\/p>\n\n\n\n<p class=\"has-kubio-color-8-color has-text-color has-link-color wp-elements-c846b9f6053e3897e35f97f8bb509d97\"> 3. Programmes de formation sur mesure : Atelier, Webinaire et Masterclass cibl\u00e9s qui favorisent la collaboration, l&rsquo;innovation et l&rsquo;excellence en mati\u00e8re de leadership.<\/p>\n\n\n\n<p class=\"has-kubio-color-3-color has-text-color has-link-color has-medium-font-size wp-elements-fa2ba09ac866e367927e68067835394b\"><strong>Opportunit\u00e9 de march\u00e9<\/strong>  <\/p>\n\n\n\n<p class=\"has-kubio-color-8-color has-text-color has-link-color wp-elements-fbe12b8a7ad180437c17688712efae26\">Nous sommes pr\u00eat \u00e0 r\u00e9pondre \u00e0 un besoin croissant du march\u00e9, stimul\u00e9 par des tendances critiques :<\/p>\n\n\n\n<p class=\"has-kubio-color-8-color has-text-color has-link-color wp-elements-959263744d9aef721df32c7c66224dae\">\u2022 Des d\u00e9fis croissants sur le lieu de travail, tels que l&rsquo;\u00e9puisement professionnel, le stress et l&rsquo;insatisfaction, qui touchent plus de <br>44 % des actifs tout secteur confondu, (Ipsos, 2023 France).<\/p>\n\n\n\n<p class=\"has-kubio-color-8-color has-text-color has-link-color wp-elements-8dad1b52a4451abc06c5d0897ca5c709\">\u2022 Des pressions juridiques croissantes sur les entreprises pour qu&rsquo;elles se conforment aux r\u00e9glementations en mati\u00e8re de s\u00e9curit\u00e9 au travail et de sant\u00e9 mentale.<\/p>\n\n\n\n<p class=\"has-kubio-color-8-color has-text-color has-link-color wp-elements-a2537e39cfcb323782a66e5135a4268f\">\u2022 Un manque av\u00e9r\u00e9 de services de conseil accessibles, abordables et \u00e0 fort impact pour les PME et les start-ups, qui sont mal desservies par les cabinets de conseil traditionnels ciblant les grandes entreprises.<\/p>\n\n\n\n<p class=\"has-kubio-color-8-color has-text-color has-link-color wp-elements-3a7c46a5b0acd1376b190159b3898b4c\">Notre approche &nbsp;nous positionne comme un pionnier dans ce cr\u00e9neau, combinant accessibilit\u00e9 financi\u00e8re et impact social pour attirer des clients \u00e0 long terme.<\/p>\n\n\n\n<p class=\"has-kubio-color-3-color has-text-color has-link-color has-medium-font-size wp-elements-6761f7ae7deb2dc7e09d8df2ec6f882e\"><strong>Proposition de valeur unique<\/strong><\/p>\n\n\n\n<p class=\"has-kubio-color-8-color has-text-color has-link-color wp-elements-dfc68bf003c5bb74622d59642295560c\">AbcIH offre une combinaison r\u00e9volutionnaire d&rsquo;accessibilit\u00e9 financi\u00e8re, d&rsquo;impact et de solutions sur mesure. En ciblant les entreprises et les professionnels mal desservis, nous proposons une approche inclusive qui d\u00e9mocratise l&rsquo;acc\u00e8s \u00e0 des services de conseil haut de gamme. Notre engagement en faveur de pratiques commerciales \u00e9thiques et de solutions centr\u00e9es sur l&rsquo;humain nous diff\u00e9rencie de nos concurrents et cr\u00e9e une proposition de valeur convaincante pour nos partenaires et investisseurs.<\/p>\n\n\n\n<p class=\"has-kubio-color-3-color has-text-color has-link-color has-medium-font-size wp-elements-4b8e045bb82f67b411626727fe61f00d\"><strong>Objectifs financiers et plan de croissance<\/strong><\/p>\n\n\n\n<p class=\"has-kubio-color-8-color has-text-color has-link-color wp-elements-289939af02a940f6db9b939c84c00177\">\u2022 Calendrier de lancement : 2025.<\/p>\n\n\n\n<p class=\"has-kubio-color-8-color has-text-color has-link-color wp-elements-0e62a234f04a1d77fc540a77b9d51aa4\">\u2022 Objectif initial : Chelles et Paris \u00cele-de-France, puis extension aux march\u00e9s nationaux et internationaux, notamment l&rsquo;Union Europ\u00e9enne, l&rsquo;Asie, la Gr\u00e8ce, Duba\u00ef et l&rsquo;Afrique subsaharienne.<\/p>\n\n\n\n<p class=\"has-kubio-color-8-color has-text-color has-link-color wp-elements-dfee121be9d050c594a4b9f7fc59db2c\">\u2022 Mod\u00e8le de revenus \u00e9volutif : tarification solidaire pour les start-ups et les particuliers, avec des offres comp\u00e9titives pour les PME et les grandes organisations.<\/p>\n\n\n\n<p class=\"has-kubio-color-3-color has-text-color has-link-color has-medium-font-size wp-elements-111a2468063b67cc6fecb37a657a37ba\"><strong>Nous rejoindre <\/strong><\/p>\n\n\n\n<p class=\"has-kubio-color-8-color has-text-color has-link-color wp-elements-dc73ba7d179925fa5cb9e6edc022c93e\">AbcIH recherche des partenaires strat\u00e9giques et des investisseurs financiers pour acc\u00e9l\u00e9rer sa mission qui consiste \u00e0 fournir des solutions efficaces aux entreprises qui en ont besoin. Le financement soutiendra :<\/p>\n\n\n\n<p class=\"has-kubio-color-8-color has-text-color has-link-color wp-elements-813da2ddad9b502d1a845868bdb59864\">1. Le d\u00e9veloppement des infrastructures et la num\u00e9risation.<\/p>\n\n\n\n<p class=\"has-kubio-color-8-color has-text-color has-link-color wp-elements-b314fffbe71718f04cbb5381d8bd115b\">2. Les initiatives de marketing et de strat\u00e9gie de marque visant \u00e0 \u00e9largir la client\u00e8le.<\/p>\n\n\n\n<p class=\"has-kubio-color-8-color has-text-color has-link-color wp-elements-6f4288e5936f0fa872b89665ee5cb58c\">3. La cr\u00e9ation d&rsquo;outils et de programmes innovants adapt\u00e9s aux demandes des march\u00e9s \u00e9mergents.<\/p>\n\n\n\n<p class=\"has-kubio-color-8-color has-text-color has-link-color wp-elements-0d85459c5da7fdecdeb8aa95868705c5\">En s&rsquo;associant \u00e0 AbcIH Conseils, investisseurs et collaborateurs obtiendront non seulement des rendements financiers, mais contribueront \u00e9galement \u00e0 am\u00e9liorer le bien-\u00eatre au travail, l&rsquo;\u00e9quit\u00e9 et les pratiques commerciales durables, un facteur de diff\u00e9renciation essentiel sur le march\u00e9 en constante \u00e9volution d&rsquo;aujourd&rsquo;hui.<br><br><strong>Contact : Isabelle.heilmann@abcih.fr <\/strong><br><\/p>\n\n\n\n\n\n<figure class=\"wp-block-image size-large\"><img loading=\"lazy\" decoding=\"async\" width=\"892\" height=\"237\" src=\"https:\/\/abcih.fr\/wp-content\/uploads\/2025\/05\/Image_Human_Ressources.jpg\" alt=\"\" class=\"wp-image-123\" srcset=\"https:\/\/abcih.fr\/wp-content\/uploads\/2025\/05\/Image_Human_Ressources.jpg 892w, https:\/\/abcih.fr\/wp-content\/uploads\/2025\/05\/Image_Human_Ressources-300x80.jpg 300w, https:\/\/abcih.fr\/wp-content\/uploads\/2025\/05\/Image_Human_Ressources-768x204.jpg 768w\" sizes=\"(max-width: 892px) 100vw, 892px\" \/><\/figure>\n","protected":false},"excerpt":{"rendered":"<p>LinkedIn &#8211; WhatsApp &#8211; Teams_________________________________________________________________ Qui sommes nous ? AbcIH Conseils transforme les entreprises gr\u00e2ce \u00e0 des solutions centr\u00e9es sur l&rsquo;humain et impact durable Fond\u00e9e par Isabelle Heilmann, AbcIH Conseils est une soci\u00e9t\u00e9 de conseil en entreprise pionni\u00e8re qui s&rsquo;engage \u00e0 r\u00e9volutionner la mani\u00e8re dont les entreprises abordent le capital humain, le leadership et la [&hellip;]<\/p>\n","protected":false},"author":1,"featured_media":0,"parent":0,"menu_order":0,"comment_status":"closed","ping_status":"closed","template":"full-width","meta":{"saved_in_kubio":true,"om_disable_all_campaigns":false,"_monsterinsights_skip_tracking":false,"_monsterinsights_sitenote_active":false,"_monsterinsights_sitenote_note":"","_monsterinsights_sitenote_category":0,"footnotes":""},"class_list":["post-62","page","type-page","status-publish","hentry"],"kubio_ai_page_context":{"short_desc":"","purpose":"general"},"_links":{"self":[{"href":"https:\/\/abcih.fr\/index.php?rest_route=\/wp\/v2\/pages\/62","targetHints":{"allow":["GET"]}}],"collection":[{"href":"https:\/\/abcih.fr\/index.php?rest_route=\/wp\/v2\/pages"}],"about":[{"href":"https:\/\/abcih.fr\/index.php?rest_route=\/wp\/v2\/types\/page"}],"author":[{"embeddable":true,"href":"https:\/\/abcih.fr\/index.php?rest_route=\/wp\/v2\/users\/1"}],"replies":[{"embeddable":true,"href":"https:\/\/abcih.fr\/index.php?rest_route=%2Fwp%2Fv2%2Fcomments&post=62"}],"version-history":[{"count":25,"href":"https:\/\/abcih.fr\/index.php?rest_route=\/wp\/v2\/pages\/62\/revisions"}],"predecessor-version":[{"id":661,"href":"https:\/\/abcih.fr\/index.php?rest_route=\/wp\/v2\/pages\/62\/revisions\/661"}],"wp:attachment":[{"href":"https:\/\/abcih.fr\/index.php?rest_route=%2Fwp%2Fv2%2Fmedia&parent=62"}],"curies":[{"name":"wp","href":"https:\/\/api.w.org\/{rel}","templated":true}]}}